{"id":1170,"date":"2022-04-25T13:14:56","date_gmt":"2022-04-25T13:14:56","guid":{"rendered":"https:\/\/www.mramoterm.hr\/hr\/?page_id=1170"},"modified":"2022-04-26T08:57:38","modified_gmt":"2022-04-26T08:57:38","slug":"zdravo-i-ugodno","status":"publish","type":"page","link":"https:\/\/www.mramoterm.hr\/hr\/zdravo-i-ugodno\/","title":{"rendered":"Zdravo i ugodno"},"content":{"rendered":"","protected":false},"excerpt":{"rendered":"","protected":false},"author":1,"featured_media":0,"parent":0,"menu_order":0,"comment_status":"closed","ping_status":"closed","template":"","meta":{"_acf_changed":false,"footnotes":""},"class_list":["post-1170","page","type-page","status-publish","hentry"],"acf":[],"yoast_head":"<!-- This site is optimized with the Yoast SEO plugin v26.2 - https:\/\/yoast.com\/wordpress\/plugins\/seo\/ -->\n<title>Zdravo i ugodno - Mramoterm mramorne plo\u010de<\/title>\n<meta name=\"description\" content=\"Mramoterm grija\u0107e plo\u010de odgovaraju svim propisima o za\u0161titi i sigurnosti. Isu\u0161ivanje zraka i razlike temperature stropa i poda svedelne su na minimum.\" \/>\n<meta name=\"robots\" content=\"index, follow, max-snippet:-1, max-image-preview:large, max-video-preview:-1\" \/>\n<link rel=\"canonical\" href=\"https:\/\/www.mramoterm.hr\/hr\/zdravo-i-ugodno\/\" \/>\n<meta property=\"og:locale\" content=\"hr_HR\" \/>\n<meta property=\"og:type\" content=\"article\" \/>\n<meta property=\"og:title\" content=\"Mramoterm grija\u010de plo\u010de - Zdravo i ugodno rje\u0161enje\" \/>\n<meta property=\"og:description\" content=\"U odnosu na klasi\u010dni na\u010din grijanja isu\u0161ivanje zraka i razlika izme\u0111u stropa i poda, svedena je na minimum. Potpuno smo eliminirali sva \u0161tetna zra\u010denja, buku i vibracije, mogu\u0107nost opeklina ili strujnog udara dodirom.\" \/>\n<meta property=\"og:url\" content=\"https:\/\/www.mramoterm.hr\/hr\/zdravo-i-ugodno\/\" \/>\n<meta property=\"og:site_name\" content=\"Mramoterm mramorne plo\u010de\" \/>\n<meta property=\"article:modified_time\" content=\"2022-04-26T08:57:38+00:00\" \/>\n<meta property=\"og:image\" content=\"https:\/\/www.mramoterm.hr\/hr\/wp-content\/uploads\/sites\/2\/2022\/04\/mramoterm-zdravo-i-ugodno-grijanje-mramornim-plocama.jpg\" \/>\n\t<meta property=\"og:image:width\" content=\"1200\" \/>\n\t<meta property=\"og:image:height\" content=\"630\" \/>\n\t<meta property=\"og:image:type\" content=\"image\/jpeg\" \/>\n<meta name=\"twitter:card\" content=\"summary_large_image\" \/>\n<script type=\"application\/ld+json\" class=\"yoast-schema-graph\">{\"@context\":\"https:\/\/schema.org\",\"@graph\":[{\"@type\":\"WebPage\",\"@id\":\"https:\/\/www.mramoterm.hr\/hr\/zdravo-i-ugodno\/\",\"url\":\"https:\/\/www.mramoterm.hr\/hr\/zdravo-i-ugodno\/\",\"name\":\"Zdravo i ugodno - Mramoterm mramorne plo\u010de\",\"isPartOf\":{\"@id\":\"https:\/\/www.mramoterm.hr\/hr\/#website\"},\"datePublished\":\"2022-04-25T13:14:56+00:00\",\"dateModified\":\"2022-04-26T08:57:38+00:00\",\"description\":\"Mramoterm grija\u0107e plo\u010de odgovaraju svim propisima o za\u0161titi i sigurnosti. Isu\u0161ivanje zraka i razlike temperature stropa i poda svedelne su na minimum.\",\"breadcrumb\":{\"@id\":\"https:\/\/www.mramoterm.hr\/hr\/zdravo-i-ugodno\/#breadcrumb\"},\"inLanguage\":\"hr\",\"potentialAction\":[{\"@type\":\"ReadAction\",\"target\":[\"https:\/\/www.mramoterm.hr\/hr\/zdravo-i-ugodno\/\"]}]},{\"@type\":\"BreadcrumbList\",\"@id\":\"https:\/\/www.mramoterm.hr\/hr\/zdravo-i-ugodno\/#breadcrumb\",\"itemListElement\":[{\"@type\":\"ListItem\",\"position\":1,\"name\":\"Home\",\"item\":\"https:\/\/www.mramoterm.hr\/hr\/\"},{\"@type\":\"ListItem\",\"position\":2,\"name\":\"Zdravo i ugodno\"}]},{\"@type\":\"WebSite\",\"@id\":\"https:\/\/www.mramoterm.hr\/hr\/#website\",\"url\":\"https:\/\/www.mramoterm.hr\/hr\/\",\"name\":\"Mramoterm mramorne plo\u010de\",\"description\":\"Proizvodnja, distribucija, prodaja i monta\u017ea Mramoterm grija\u0107ih plo\u010da. Ekolo\u0161ko, ekonomi\u010dno, zdravo i ugodno grijanje.\",\"potentialAction\":[{\"@type\":\"SearchAction\",\"target\":{\"@type\":\"EntryPoint\",\"urlTemplate\":\"https:\/\/www.mramoterm.hr\/hr\/?s={search_term_string}\"},\"query-input\":{\"@type\":\"PropertyValueSpecification\",\"valueRequired\":true,\"valueName\":\"search_term_string\"}}],\"inLanguage\":\"hr\"}]}<\/script>\n<!-- \/ Yoast SEO plugin. -->","yoast_head_json":{"title":"Zdravo i ugodno - Mramoterm mramorne plo\u010de","description":"Mramoterm grija\u0107e plo\u010de odgovaraju svim propisima o za\u0161titi i sigurnosti. Isu\u0161ivanje zraka i razlike temperature stropa i poda svedelne su na minimum.","robots":{"index":"index","follow":"follow","max-snippet":"max-snippet:-1","max-image-preview":"max-image-preview:large","max-video-preview":"max-video-preview:-1"},"canonical":"https:\/\/www.mramoterm.hr\/hr\/zdravo-i-ugodno\/","og_locale":"hr_HR","og_type":"article","og_title":"Mramoterm grija\u010de plo\u010de - Zdravo i ugodno rje\u0161enje","og_description":"U odnosu na klasi\u010dni na\u010din grijanja isu\u0161ivanje zraka i razlika izme\u0111u stropa i poda, svedena je na minimum. Potpuno smo eliminirali sva \u0161tetna zra\u010denja, buku i vibracije, mogu\u0107nost opeklina ili strujnog udara dodirom.","og_url":"https:\/\/www.mramoterm.hr\/hr\/zdravo-i-ugodno\/","og_site_name":"Mramoterm mramorne plo\u010de","article_modified_time":"2022-04-26T08:57:38+00:00","og_image":[{"width":1200,"height":630,"url":"https:\/\/www.mramoterm.hr\/hr\/wp-content\/uploads\/sites\/2\/2022\/04\/mramoterm-zdravo-i-ugodno-grijanje-mramornim-plocama.jpg","type":"image\/jpeg"}],"twitter_card":"summary_large_image","schema":{"@context":"https:\/\/schema.org","@graph":[{"@type":"WebPage","@id":"https:\/\/www.mramoterm.hr\/hr\/zdravo-i-ugodno\/","url":"https:\/\/www.mramoterm.hr\/hr\/zdravo-i-ugodno\/","name":"Zdravo i ugodno - Mramoterm mramorne plo\u010de","isPartOf":{"@id":"https:\/\/www.mramoterm.hr\/hr\/#website"},"datePublished":"2022-04-25T13:14:56+00:00","dateModified":"2022-04-26T08:57:38+00:00","description":"Mramoterm grija\u0107e plo\u010de odgovaraju svim propisima o za\u0161titi i sigurnosti. Isu\u0161ivanje zraka i razlike temperature stropa i poda svedelne su na minimum.","breadcrumb":{"@id":"https:\/\/www.mramoterm.hr\/hr\/zdravo-i-ugodno\/#breadcrumb"},"inLanguage":"hr","potentialAction":[{"@type":"ReadAction","target":["https:\/\/www.mramoterm.hr\/hr\/zdravo-i-ugodno\/"]}]},{"@type":"BreadcrumbList","@id":"https:\/\/www.mramoterm.hr\/hr\/zdravo-i-ugodno\/#breadcrumb","itemListElement":[{"@type":"ListItem","position":1,"name":"Home","item":"https:\/\/www.mramoterm.hr\/hr\/"},{"@type":"ListItem","position":2,"name":"Zdravo i ugodno"}]},{"@type":"WebSite","@id":"https:\/\/www.mramoterm.hr\/hr\/#website","url":"https:\/\/www.mramoterm.hr\/hr\/","name":"Mramoterm mramorne plo\u010de","description":"Proizvodnja, distribucija, prodaja i monta\u017ea Mramoterm grija\u0107ih plo\u010da. Ekolo\u0161ko, ekonomi\u010dno, zdravo i ugodno grijanje.","potentialAction":[{"@type":"SearchAction","target":{"@type":"EntryPoint","urlTemplate":"https:\/\/www.mramoterm.hr\/hr\/?s={search_term_string}"},"query-input":{"@type":"PropertyValueSpecification","valueRequired":true,"valueName":"search_term_string"}}],"inLanguage":"hr"}]}},"_links":{"self":[{"href":"https:\/\/www.mramoterm.hr\/hr\/wp-json\/wp\/v2\/pages\/1170","targetHints":{"allow":["GET"]}}],"collection":[{"href":"https:\/\/www.mramoterm.hr\/hr\/wp-json\/wp\/v2\/pages"}],"about":[{"href":"https:\/\/www.mramoterm.hr\/hr\/wp-json\/wp\/v2\/types\/page"}],"author":[{"embeddable":true,"href":"https:\/\/www.mramoterm.hr\/hr\/wp-json\/wp\/v2\/users\/1"}],"replies":[{"embeddable":true,"href":"https:\/\/www.mramoterm.hr\/hr\/wp-json\/wp\/v2\/comments?post=1170"}],"version-history":[{"count":3,"href":"https:\/\/www.mramoterm.hr\/hr\/wp-json\/wp\/v2\/pages\/1170\/revisions"}],"predecessor-version":[{"id":1194,"href":"https:\/\/www.mramoterm.hr\/hr\/wp-json\/wp\/v2\/pages\/1170\/revisions\/1194"}],"wp:attachment":[{"href":"https:\/\/www.mramoterm.hr\/hr\/wp-json\/wp\/v2\/media?parent=1170"}],"curies":[{"name":"wp","href":"https:\/\/api.w.org\/{rel}","templated":true}]}}