{"id":1181,"date":"2022-04-26T05:58:14","date_gmt":"2022-04-26T05:58:14","guid":{"rendered":"https:\/\/www.mramoterm.hr\/hr\/?page_id=1181"},"modified":"2022-04-26T09:51:03","modified_gmt":"2022-04-26T09:51:03","slug":"potpuno-rjesenje","status":"publish","type":"page","link":"https:\/\/www.mramoterm.hr\/hr\/potpuno-rjesenje\/","title":{"rendered":"Potpuno rje\u0161enje"},"content":{"rendered":"","protected":false},"excerpt":{"rendered":"","protected":false},"author":1,"featured_media":0,"parent":0,"menu_order":0,"comment_status":"closed","ping_status":"closed","template":"","meta":{"_acf_changed":false,"footnotes":""},"class_list":["post-1181","page","type-page","status-publish","hentry"],"acf":[],"yoast_head":"<!-- This site is optimized with the Yoast SEO plugin v26.2 - https:\/\/yoast.com\/wordpress\/plugins\/seo\/ -->\n<title>Potpuno rje\u0161enje - Mramoterm mramorne plo\u010de<\/title>\n<meta name=\"description\" content=\"Mramoterm grjanje kao cjelovito ili parcijalno grijanje: Ekonomi\u010dno, ekolo\u0161ko, zdravo i ugodno. \u0160tednja i smanjenje \u0161tetnih emisija CO, SO2...\" \/>\n<meta name=\"robots\" content=\"index, follow, max-snippet:-1, max-image-preview:large, max-video-preview:-1\" \/>\n<link rel=\"canonical\" href=\"https:\/\/www.mramoterm.hr\/hr\/potpuno-rjesenje\/\" \/>\n<meta property=\"og:locale\" content=\"hr_HR\" \/>\n<meta property=\"og:type\" content=\"article\" \/>\n<meta property=\"og:title\" content=\"Mramoterm grjanje kao cjelovito ili parcijalno grijanje\" \/>\n<meta property=\"og:description\" content=\"Mramoterm grjanje kao cjelovito ili parcijalno grijanje: Ekonomi\u010dno, ekolo\u0161ko, zdravo i ugodno. \u0160tednja i smanjenje \u0161tetnih emisija CO, SO2...\" \/>\n<meta property=\"og:url\" content=\"https:\/\/www.mramoterm.hr\/hr\/potpuno-rjesenje\/\" \/>\n<meta property=\"og:site_name\" content=\"Mramoterm mramorne plo\u010de\" \/>\n<meta property=\"article:modified_time\" content=\"2022-04-26T09:51:03+00:00\" \/>\n<meta property=\"og:image\" content=\"https:\/\/www.mramoterm.hr\/hr\/wp-content\/uploads\/sites\/2\/2022\/04\/mramoterm-grijace-ploce-potpuno-rjessenje-open.jpg\" \/>\n\t<meta property=\"og:image:width\" content=\"1200\" \/>\n\t<meta property=\"og:image:height\" content=\"630\" \/>\n\t<meta property=\"og:image:type\" content=\"image\/jpeg\" \/>\n<meta name=\"twitter:card\" content=\"summary_large_image\" \/>\n<script type=\"application\/ld+json\" class=\"yoast-schema-graph\">{\"@context\":\"https:\/\/schema.org\",\"@graph\":[{\"@type\":\"WebPage\",\"@id\":\"https:\/\/www.mramoterm.hr\/hr\/potpuno-rjesenje\/\",\"url\":\"https:\/\/www.mramoterm.hr\/hr\/potpuno-rjesenje\/\",\"name\":\"Potpuno rje\u0161enje - Mramoterm mramorne plo\u010de\",\"isPartOf\":{\"@id\":\"https:\/\/www.mramoterm.hr\/hr\/#website\"},\"datePublished\":\"2022-04-26T05:58:14+00:00\",\"dateModified\":\"2022-04-26T09:51:03+00:00\",\"description\":\"Mramoterm grjanje kao cjelovito ili parcijalno grijanje: Ekonomi\u010dno, ekolo\u0161ko, zdravo i ugodno. \u0160tednja i smanjenje \u0161tetnih emisija CO, SO2...\",\"breadcrumb\":{\"@id\":\"https:\/\/www.mramoterm.hr\/hr\/potpuno-rjesenje\/#breadcrumb\"},\"inLanguage\":\"hr\",\"potentialAction\":[{\"@type\":\"ReadAction\",\"target\":[\"https:\/\/www.mramoterm.hr\/hr\/potpuno-rjesenje\/\"]}]},{\"@type\":\"BreadcrumbList\",\"@id\":\"https:\/\/www.mramoterm.hr\/hr\/potpuno-rjesenje\/#breadcrumb\",\"itemListElement\":[{\"@type\":\"ListItem\",\"position\":1,\"name\":\"Home\",\"item\":\"https:\/\/www.mramoterm.hr\/hr\/\"},{\"@type\":\"ListItem\",\"position\":2,\"name\":\"Potpuno rje\u0161enje\"}]},{\"@type\":\"WebSite\",\"@id\":\"https:\/\/www.mramoterm.hr\/hr\/#website\",\"url\":\"https:\/\/www.mramoterm.hr\/hr\/\",\"name\":\"Mramoterm mramorne plo\u010de\",\"description\":\"Proizvodnja, distribucija, prodaja i monta\u017ea Mramoterm grija\u0107ih plo\u010da. Ekolo\u0161ko, ekonomi\u010dno, zdravo i ugodno grijanje.\",\"potentialAction\":[{\"@type\":\"SearchAction\",\"target\":{\"@type\":\"EntryPoint\",\"urlTemplate\":\"https:\/\/www.mramoterm.hr\/hr\/?s={search_term_string}\"},\"query-input\":{\"@type\":\"PropertyValueSpecification\",\"valueRequired\":true,\"valueName\":\"search_term_string\"}}],\"inLanguage\":\"hr\"}]}<\/script>\n<!-- \/ Yoast SEO plugin. -->","yoast_head_json":{"title":"Potpuno rje\u0161enje - Mramoterm mramorne plo\u010de","description":"Mramoterm grjanje kao cjelovito ili parcijalno grijanje: Ekonomi\u010dno, ekolo\u0161ko, zdravo i ugodno. \u0160tednja i smanjenje \u0161tetnih emisija CO, SO2...","robots":{"index":"index","follow":"follow","max-snippet":"max-snippet:-1","max-image-preview":"max-image-preview:large","max-video-preview":"max-video-preview:-1"},"canonical":"https:\/\/www.mramoterm.hr\/hr\/potpuno-rjesenje\/","og_locale":"hr_HR","og_type":"article","og_title":"Mramoterm grjanje kao cjelovito ili parcijalno grijanje","og_description":"Mramoterm grjanje kao cjelovito ili parcijalno grijanje: Ekonomi\u010dno, ekolo\u0161ko, zdravo i ugodno. \u0160tednja i smanjenje \u0161tetnih emisija CO, SO2...","og_url":"https:\/\/www.mramoterm.hr\/hr\/potpuno-rjesenje\/","og_site_name":"Mramoterm mramorne plo\u010de","article_modified_time":"2022-04-26T09:51:03+00:00","og_image":[{"width":1200,"height":630,"url":"https:\/\/www.mramoterm.hr\/hr\/wp-content\/uploads\/sites\/2\/2022\/04\/mramoterm-grijace-ploce-potpuno-rjessenje-open.jpg","type":"image\/jpeg"}],"twitter_card":"summary_large_image","schema":{"@context":"https:\/\/schema.org","@graph":[{"@type":"WebPage","@id":"https:\/\/www.mramoterm.hr\/hr\/potpuno-rjesenje\/","url":"https:\/\/www.mramoterm.hr\/hr\/potpuno-rjesenje\/","name":"Potpuno rje\u0161enje - Mramoterm mramorne plo\u010de","isPartOf":{"@id":"https:\/\/www.mramoterm.hr\/hr\/#website"},"datePublished":"2022-04-26T05:58:14+00:00","dateModified":"2022-04-26T09:51:03+00:00","description":"Mramoterm grjanje kao cjelovito ili parcijalno grijanje: Ekonomi\u010dno, ekolo\u0161ko, zdravo i ugodno. \u0160tednja i smanjenje \u0161tetnih emisija CO, SO2...","breadcrumb":{"@id":"https:\/\/www.mramoterm.hr\/hr\/potpuno-rjesenje\/#breadcrumb"},"inLanguage":"hr","potentialAction":[{"@type":"ReadAction","target":["https:\/\/www.mramoterm.hr\/hr\/potpuno-rjesenje\/"]}]},{"@type":"BreadcrumbList","@id":"https:\/\/www.mramoterm.hr\/hr\/potpuno-rjesenje\/#breadcrumb","itemListElement":[{"@type":"ListItem","position":1,"name":"Home","item":"https:\/\/www.mramoterm.hr\/hr\/"},{"@type":"ListItem","position":2,"name":"Potpuno rje\u0161enje"}]},{"@type":"WebSite","@id":"https:\/\/www.mramoterm.hr\/hr\/#website","url":"https:\/\/www.mramoterm.hr\/hr\/","name":"Mramoterm mramorne plo\u010de","description":"Proizvodnja, distribucija, prodaja i monta\u017ea Mramoterm grija\u0107ih plo\u010da. Ekolo\u0161ko, ekonomi\u010dno, zdravo i ugodno grijanje.","potentialAction":[{"@type":"SearchAction","target":{"@type":"EntryPoint","urlTemplate":"https:\/\/www.mramoterm.hr\/hr\/?s={search_term_string}"},"query-input":{"@type":"PropertyValueSpecification","valueRequired":true,"valueName":"search_term_string"}}],"inLanguage":"hr"}]}},"_links":{"self":[{"href":"https:\/\/www.mramoterm.hr\/hr\/wp-json\/wp\/v2\/pages\/1181","targetHints":{"allow":["GET"]}}],"collection":[{"href":"https:\/\/www.mramoterm.hr\/hr\/wp-json\/wp\/v2\/pages"}],"about":[{"href":"https:\/\/www.mramoterm.hr\/hr\/wp-json\/wp\/v2\/types\/page"}],"author":[{"embeddable":true,"href":"https:\/\/www.mramoterm.hr\/hr\/wp-json\/wp\/v2\/users\/1"}],"replies":[{"embeddable":true,"href":"https:\/\/www.mramoterm.hr\/hr\/wp-json\/wp\/v2\/comments?post=1181"}],"version-history":[{"count":4,"href":"https:\/\/www.mramoterm.hr\/hr\/wp-json\/wp\/v2\/pages\/1181\/revisions"}],"predecessor-version":[{"id":1192,"href":"https:\/\/www.mramoterm.hr\/hr\/wp-json\/wp\/v2\/pages\/1181\/revisions\/1192"}],"wp:attachment":[{"href":"https:\/\/www.mramoterm.hr\/hr\/wp-json\/wp\/v2\/media?parent=1181"}],"curies":[{"name":"wp","href":"https:\/\/api.w.org\/{rel}","templated":true}]}}