{"id":1548,"date":"2025-11-04T08:52:57","date_gmt":"2025-11-04T07:52:57","guid":{"rendered":"https:\/\/www.mramoterm.hr\/hr\/?page_id=1548"},"modified":"2025-11-05T00:54:35","modified_gmt":"2025-11-04T23:54:35","slug":"home","status":"publish","type":"page","link":"https:\/\/www.mramoterm.hr\/hr\/","title":{"rendered":"Home"},"content":{"rendered":"","protected":false},"excerpt":{"rendered":"","protected":false},"author":1,"featured_media":1215,"parent":0,"menu_order":0,"comment_status":"closed","ping_status":"closed","template":"","meta":{"_acf_changed":false,"footnotes":""},"class_list":["post-1548","page","type-page","status-publish","has-post-thumbnail","hentry"],"acf":[],"yoast_head":"<!-- This site is optimized with the Yoast SEO plugin v26.2 - https:\/\/yoast.com\/wordpress\/plugins\/seo\/ -->\n<title>Home - Mramoterm mramorne plo\u010de<\/title>\n<meta name=\"robots\" content=\"noindex, nofollow\" \/>\n<meta property=\"og:locale\" content=\"hr_HR\" \/>\n<meta property=\"og:type\" content=\"article\" \/>\n<meta property=\"og:title\" content=\"Home - Mramoterm mramorne plo\u010de\" \/>\n<meta property=\"og:url\" content=\"https:\/\/www.mramoterm.hr\/hr\/\" \/>\n<meta property=\"og:site_name\" content=\"Mramoterm mramorne plo\u010de\" \/>\n<meta property=\"article:modified_time\" content=\"2025-11-04T23:54:35+00:00\" \/>\n<meta property=\"og:image\" content=\"https:\/\/www.mramoterm.hr\/hr\/wp-content\/uploads\/sites\/2\/2022\/04\/mramoterm-grijace-ploce-usavrseni-sustav-grijanja.jpg\" \/>\n\t<meta property=\"og:image:width\" content=\"1600\" \/>\n\t<meta property=\"og:image:height\" content=\"900\" \/>\n\t<meta property=\"og:image:type\" content=\"image\/jpeg\" \/>\n<meta name=\"twitter:card\" content=\"summary_large_image\" \/>\n<meta name=\"twitter:label1\" content=\"Procijenjeno vrijeme \u010ditanja\" \/>\n\t<meta name=\"twitter:data1\" content=\"8 minuta\" \/>\n<script type=\"application\/ld+json\" class=\"yoast-schema-graph\">{\"@context\":\"https:\/\/schema.org\",\"@graph\":[{\"@type\":\"WebPage\",\"@id\":\"https:\/\/www.mramoterm.hr\/hr\/\",\"url\":\"https:\/\/www.mramoterm.hr\/hr\/\",\"name\":\"Home - Mramoterm mramorne plo\u010de\",\"isPartOf\":{\"@id\":\"https:\/\/www.mramoterm.hr\/hr\/#website\"},\"primaryImageOfPage\":{\"@id\":\"https:\/\/www.mramoterm.hr\/hr\/#primaryimage\"},\"image\":{\"@id\":\"https:\/\/www.mramoterm.hr\/hr\/#primaryimage\"},\"thumbnailUrl\":\"https:\/\/www.mramoterm.hr\/hr\/wp-content\/uploads\/sites\/2\/2022\/04\/mramoterm-grijace-ploce-usavrseni-sustav-grijanja.jpg\",\"datePublished\":\"2025-11-04T07:52:57+00:00\",\"dateModified\":\"2025-11-04T23:54:35+00:00\",\"breadcrumb\":{\"@id\":\"https:\/\/www.mramoterm.hr\/hr\/#breadcrumb\"},\"inLanguage\":\"hr\",\"potentialAction\":[{\"@type\":\"ReadAction\",\"target\":[\"https:\/\/www.mramoterm.hr\/hr\/\"]}]},{\"@type\":\"ImageObject\",\"inLanguage\":\"hr\",\"@id\":\"https:\/\/www.mramoterm.hr\/hr\/#primaryimage\",\"url\":\"https:\/\/www.mramoterm.hr\/hr\/wp-content\/uploads\/sites\/2\/2022\/04\/mramoterm-grijace-ploce-usavrseni-sustav-grijanja.jpg\",\"contentUrl\":\"https:\/\/www.mramoterm.hr\/hr\/wp-content\/uploads\/sites\/2\/2022\/04\/mramoterm-grijace-ploce-usavrseni-sustav-grijanja.jpg\",\"width\":1600,\"height\":900},{\"@type\":\"BreadcrumbList\",\"@id\":\"https:\/\/www.mramoterm.hr\/hr\/#breadcrumb\",\"itemListElement\":[{\"@type\":\"ListItem\",\"position\":1,\"name\":\"Home\",\"item\":\"https:\/\/www.mramoterm.hr\/hr\/\"},{\"@type\":\"ListItem\",\"position\":2,\"name\":\"Home\"}]},{\"@type\":\"WebSite\",\"@id\":\"https:\/\/www.mramoterm.hr\/hr\/#website\",\"url\":\"https:\/\/www.mramoterm.hr\/hr\/\",\"name\":\"Mramoterm mramorne plo\u010de\",\"description\":\"Proizvodnja, distribucija, prodaja i monta\u017ea Mramoterm grija\u0107ih plo\u010da. Ekolo\u0161ko, ekonomi\u010dno, zdravo i ugodno grijanje.\",\"potentialAction\":[{\"@type\":\"SearchAction\",\"target\":{\"@type\":\"EntryPoint\",\"urlTemplate\":\"https:\/\/www.mramoterm.hr\/hr\/?s={search_term_string}\"},\"query-input\":{\"@type\":\"PropertyValueSpecification\",\"valueRequired\":true,\"valueName\":\"search_term_string\"}}],\"inLanguage\":\"hr\"}]}<\/script>\n<!-- \/ Yoast SEO plugin. -->","yoast_head_json":{"title":"Home - Mramoterm mramorne plo\u010de","robots":{"index":"noindex","follow":"nofollow"},"og_locale":"hr_HR","og_type":"article","og_title":"Home - Mramoterm mramorne plo\u010de","og_url":"https:\/\/www.mramoterm.hr\/hr\/","og_site_name":"Mramoterm mramorne plo\u010de","article_modified_time":"2025-11-04T23:54:35+00:00","og_image":[{"width":1600,"height":900,"url":"https:\/\/www.mramoterm.hr\/hr\/wp-content\/uploads\/sites\/2\/2022\/04\/mramoterm-grijace-ploce-usavrseni-sustav-grijanja.jpg","type":"image\/jpeg"}],"twitter_card":"summary_large_image","twitter_misc":{"Procijenjeno vrijeme \u010ditanja":"8 minuta"},"schema":{"@context":"https:\/\/schema.org","@graph":[{"@type":"WebPage","@id":"https:\/\/www.mramoterm.hr\/hr\/","url":"https:\/\/www.mramoterm.hr\/hr\/","name":"Home - Mramoterm mramorne plo\u010de","isPartOf":{"@id":"https:\/\/www.mramoterm.hr\/hr\/#website"},"primaryImageOfPage":{"@id":"https:\/\/www.mramoterm.hr\/hr\/#primaryimage"},"image":{"@id":"https:\/\/www.mramoterm.hr\/hr\/#primaryimage"},"thumbnailUrl":"https:\/\/www.mramoterm.hr\/hr\/wp-content\/uploads\/sites\/2\/2022\/04\/mramoterm-grijace-ploce-usavrseni-sustav-grijanja.jpg","datePublished":"2025-11-04T07:52:57+00:00","dateModified":"2025-11-04T23:54:35+00:00","breadcrumb":{"@id":"https:\/\/www.mramoterm.hr\/hr\/#breadcrumb"},"inLanguage":"hr","potentialAction":[{"@type":"ReadAction","target":["https:\/\/www.mramoterm.hr\/hr\/"]}]},{"@type":"ImageObject","inLanguage":"hr","@id":"https:\/\/www.mramoterm.hr\/hr\/#primaryimage","url":"https:\/\/www.mramoterm.hr\/hr\/wp-content\/uploads\/sites\/2\/2022\/04\/mramoterm-grijace-ploce-usavrseni-sustav-grijanja.jpg","contentUrl":"https:\/\/www.mramoterm.hr\/hr\/wp-content\/uploads\/sites\/2\/2022\/04\/mramoterm-grijace-ploce-usavrseni-sustav-grijanja.jpg","width":1600,"height":900},{"@type":"BreadcrumbList","@id":"https:\/\/www.mramoterm.hr\/hr\/#breadcrumb","itemListElement":[{"@type":"ListItem","position":1,"name":"Home","item":"https:\/\/www.mramoterm.hr\/hr\/"},{"@type":"ListItem","position":2,"name":"Home"}]},{"@type":"WebSite","@id":"https:\/\/www.mramoterm.hr\/hr\/#website","url":"https:\/\/www.mramoterm.hr\/hr\/","name":"Mramoterm mramorne plo\u010de","description":"Proizvodnja, distribucija, prodaja i monta\u017ea Mramoterm grija\u0107ih plo\u010da. Ekolo\u0161ko, ekonomi\u010dno, zdravo i ugodno grijanje.","potentialAction":[{"@type":"SearchAction","target":{"@type":"EntryPoint","urlTemplate":"https:\/\/www.mramoterm.hr\/hr\/?s={search_term_string}"},"query-input":{"@type":"PropertyValueSpecification","valueRequired":true,"valueName":"search_term_string"}}],"inLanguage":"hr"}]}},"_links":{"self":[{"href":"https:\/\/www.mramoterm.hr\/hr\/wp-json\/wp\/v2\/pages\/1548","targetHints":{"allow":["GET"]}}],"collection":[{"href":"https:\/\/www.mramoterm.hr\/hr\/wp-json\/wp\/v2\/pages"}],"about":[{"href":"https:\/\/www.mramoterm.hr\/hr\/wp-json\/wp\/v2\/types\/page"}],"author":[{"embeddable":true,"href":"https:\/\/www.mramoterm.hr\/hr\/wp-json\/wp\/v2\/users\/1"}],"replies":[{"embeddable":true,"href":"https:\/\/www.mramoterm.hr\/hr\/wp-json\/wp\/v2\/comments?post=1548"}],"version-history":[{"count":2,"href":"https:\/\/www.mramoterm.hr\/hr\/wp-json\/wp\/v2\/pages\/1548\/revisions"}],"predecessor-version":[{"id":1563,"href":"https:\/\/www.mramoterm.hr\/hr\/wp-json\/wp\/v2\/pages\/1548\/revisions\/1563"}],"wp:featuredmedia":[{"embeddable":true,"href":"https:\/\/www.mramoterm.hr\/hr\/wp-json\/wp\/v2\/media\/1215"}],"wp:attachment":[{"href":"https:\/\/www.mramoterm.hr\/hr\/wp-json\/wp\/v2\/media?parent=1548"}],"curies":[{"name":"wp","href":"https:\/\/api.w.org\/{rel}","templated":true}]}}